{"id":2,"date":"2014-02-27T00:03:00","date_gmt":"2014-02-27T00:03:00","guid":{"rendered":"http:\/\/lademeuredalienor.fr\/?page_id=2"},"modified":"2019-03-29T15:49:21","modified_gmt":"2019-03-29T14:49:21","slug":"presentation","status":"publish","type":"page","link":"https:\/\/www.lademeuredalienor.fr\/nl\/","title":{"rendered":"Presentatie"},"content":{"rendered":"<p><strong>Demeure D\u2019Ali\u00e9nor is een traditionele charentaise met eigentijdse charme, met veel licht en openheid. De sfeer in het huis is bijzonder kleurrijk en gastvrij en biedt voor 7 personen een comfortabel familiaal verblijf aan.<\/strong><\/p>\n<p>De grote tuin met wilde bloemen en fruitbomen loopt verder door in vochtige graslanden en poelen tot aan de estuaire van de Gironde. Niet te missen, de ooievaars in de tuin op zoek naar takken om hun nest te perfectioneren en later de jongen die leren vliegen, een verbazingwekkend spektakel. De glooiende heuvels rondom het domein met wijngaarden en zonnebloemakkers nodigen uit tot een fikse wandeling.Voor recreatieve fietsers die het iets vlakker willen zijn er voldoende mogelijkheden richting de pittoreske haventjes.<\/p>\n<p><iframe loading=\"lazy\" width=\"853\" height=\"480\" src=\"https:\/\/www.youtube.com\/embed\/RS8YdtNzY1E?rel=0&amp;showinfo=0\" frameborder=\"0\" allowfullscreen><\/iframe><\/p>\n<p><a href=\"#en\"><img loading=\"lazy\" decoding=\"async\" class=\"alignnone size-full wp-image-791\" src=\"https:\/\/www.lademeuredalienor.fr\/wp-content\/uploads\/2014\/02\/Drapeau_anglais.png\" alt=\"\" width=\"46\" height=\"46\" \/><\/a> <a href=\"#all\"><img loading=\"lazy\" decoding=\"async\" class=\"alignnone size-full wp-image-794\" src=\"https:\/\/www.lademeuredalienor.fr\/wp-content\/uploads\/2014\/02\/Drapeau_allemand.png\" alt=\"\" width=\"46\" height=\"46\" \/><\/a><\/p>\n<div class=\"rgg-container\" data-rgg-id=\"2\">    <div class=\"rgg-imagegrid captions-title captions-effect-none \" data-rgg-id=\"2\">\n                    <a rel='attachment' href=\"https:\/\/www.lademeuredalienor.fr\/wp-content\/uploads\/2014\/02\/\u00a9-Anthony-Arnaud-5158-1024x683.jpg\" data-rel=\"lightbox\" rel=\"lightbox\" title=\"\" class=\"rgg-disabled size-medium rgg-img\" data-src=\"https:\/\/www.lademeuredalienor.fr\/wp-content\/uploads\/2014\/02\/\u00a9-Anthony-Arnaud-5158-300x200.jpg\" data-ratio=\"1.5\" data-height=\"200\" data-width=\"300\" aria-label=\"\">\n                            <\/a>\n                    <a rel='attachment' href=\"https:\/\/www.lademeuredalienor.fr\/wp-content\/uploads\/2014\/02\/\u00a9-Anthony-Arnaud-4121-683x1024.jpg\" data-rel=\"lightbox\" rel=\"lightbox\" title=\"\" class=\"rgg-disabled size-medium rgg-img\" data-src=\"https:\/\/www.lademeuredalienor.fr\/wp-content\/uploads\/2014\/02\/\u00a9-Anthony-Arnaud-4121-200x300.jpg\" data-ratio=\"0.66666666666667\" data-height=\"300\" data-width=\"200\" aria-label=\"\">\n                            <\/a>\n                    <a rel='attachment' href=\"https:\/\/www.lademeuredalienor.fr\/wp-content\/uploads\/2014\/02\/\u00a9-Anthony-Arnaud-5162-683x1024.jpg\" data-rel=\"lightbox\" rel=\"lightbox\" title=\"\" class=\"rgg-disabled size-medium rgg-img\" data-src=\"https:\/\/www.lademeuredalienor.fr\/wp-content\/uploads\/2014\/02\/\u00a9-Anthony-Arnaud-5162-200x300.jpg\" data-ratio=\"0.66666666666667\" data-height=\"300\" data-width=\"200\" aria-label=\"\">\n                            <\/a>\n                    <a rel='attachment' href=\"https:\/\/www.lademeuredalienor.fr\/wp-content\/uploads\/2014\/02\/\u00a9-Anthony-Arnaud-5179-1024x683.jpg\" data-rel=\"lightbox\" rel=\"lightbox\" title=\"\" class=\"rgg-disabled size-medium rgg-img\" data-src=\"https:\/\/www.lademeuredalienor.fr\/wp-content\/uploads\/2014\/02\/\u00a9-Anthony-Arnaud-5179-300x200.jpg\" data-ratio=\"1.5\" data-height=\"200\" data-width=\"300\" aria-label=\"\">\n                            <\/a>\n                    <a rel='attachment' href=\"https:\/\/www.lademeuredalienor.fr\/wp-content\/uploads\/2014\/02\/\u00a9-Anthony-Arnaud-5196-1024x683.jpg\" data-rel=\"lightbox\" rel=\"lightbox\" title=\"\" class=\"rgg-disabled size-medium rgg-img\" data-src=\"https:\/\/www.lademeuredalienor.fr\/wp-content\/uploads\/2014\/02\/\u00a9-Anthony-Arnaud-5196-300x200.jpg\" data-ratio=\"1.5\" data-height=\"200\" data-width=\"300\" aria-label=\"\">\n                            <\/a>\n                    <a rel='attachment' href=\"https:\/\/www.lademeuredalienor.fr\/wp-content\/uploads\/2014\/02\/\u00a9-Anthony-Arnaud-1263-1024x683.jpg\" data-rel=\"lightbox\" rel=\"lightbox\" title=\"\" class=\"rgg-disabled size-medium rgg-img\" data-src=\"https:\/\/www.lademeuredalienor.fr\/wp-content\/uploads\/2014\/02\/\u00a9-Anthony-Arnaud-1263-300x200.jpg\" data-ratio=\"1.5\" data-height=\"200\" data-width=\"300\" aria-label=\"\">\n                            <\/a>\n                    <a rel='attachment' href=\"https:\/\/www.lademeuredalienor.fr\/wp-content\/uploads\/2014\/02\/\u00a9-Anthony-Arnaud-1277-683x1024.jpg\" data-rel=\"lightbox\" rel=\"lightbox\" title=\"\" class=\"rgg-disabled size-medium rgg-img\" data-src=\"https:\/\/www.lademeuredalienor.fr\/wp-content\/uploads\/2014\/02\/\u00a9-Anthony-Arnaud-1277-200x300.jpg\" data-ratio=\"0.66666666666667\" data-height=\"300\" data-width=\"200\" aria-label=\"\">\n                            <\/a>\n                    <a rel='attachment' href=\"https:\/\/www.lademeuredalienor.fr\/wp-content\/uploads\/2014\/02\/\u00a9-Anthony-Arnaud-1291-683x1024.jpg\" data-rel=\"lightbox\" rel=\"lightbox\" title=\"\" class=\"rgg-disabled size-medium rgg-img\" data-src=\"https:\/\/www.lademeuredalienor.fr\/wp-content\/uploads\/2014\/02\/\u00a9-Anthony-Arnaud-1291-200x300.jpg\" data-ratio=\"0.66666666666667\" data-height=\"300\" data-width=\"200\" aria-label=\"\">\n                            <\/a>\n                    <a rel='attachment' href=\"https:\/\/www.lademeuredalienor.fr\/wp-content\/uploads\/2014\/02\/\u00a9-Anthony-Arnaud-1297-683x1024.jpg\" data-rel=\"lightbox\" rel=\"lightbox\" title=\"\" class=\"rgg-disabled size-medium rgg-img\" data-src=\"https:\/\/www.lademeuredalienor.fr\/wp-content\/uploads\/2014\/02\/\u00a9-Anthony-Arnaud-1297-200x300.jpg\" data-ratio=\"0.66666666666667\" data-height=\"300\" data-width=\"200\" aria-label=\"\">\n                            <\/a>\n                    <a rel='attachment' href=\"https:\/\/www.lademeuredalienor.fr\/wp-content\/uploads\/2014\/02\/\u00a9-Anthony-Arnaud-1300-1024x683.jpg\" data-rel=\"lightbox\" rel=\"lightbox\" title=\"\" class=\"rgg-disabled size-medium rgg-img\" data-src=\"https:\/\/www.lademeuredalienor.fr\/wp-content\/uploads\/2014\/02\/\u00a9-Anthony-Arnaud-1300-300x200.jpg\" data-ratio=\"1.5\" data-height=\"200\" data-width=\"300\" aria-label=\"\">\n                            <\/a>\n                    <a rel='attachment' href=\"https:\/\/www.lademeuredalienor.fr\/wp-content\/uploads\/2014\/02\/\u00a9-Anthony-Arnaud-5217-683x1024.jpg\" data-rel=\"lightbox\" rel=\"lightbox\" title=\"\" class=\"rgg-disabled size-medium rgg-img\" data-src=\"https:\/\/www.lademeuredalienor.fr\/wp-content\/uploads\/2014\/02\/\u00a9-Anthony-Arnaud-5217-200x300.jpg\" data-ratio=\"0.66666666666667\" data-height=\"300\" data-width=\"200\" aria-label=\"\">\n                            <\/a>\n                    <a rel='attachment' href=\"https:\/\/www.lademeuredalienor.fr\/wp-content\/uploads\/2014\/02\/\u00a9-Anthony-Arnaud-4114-683x1024.jpg\" data-rel=\"lightbox\" rel=\"lightbox\" title=\"\" class=\"rgg-disabled size-medium rgg-img\" data-src=\"https:\/\/www.lademeuredalienor.fr\/wp-content\/uploads\/2014\/02\/\u00a9-Anthony-Arnaud-4114-200x300.jpg\" data-ratio=\"0.66666666666667\" data-height=\"300\" data-width=\"200\" aria-label=\"\">\n                            <\/a>\n                    <a rel='attachment' href=\"https:\/\/www.lademeuredalienor.fr\/wp-content\/uploads\/2014\/02\/\u00a9-Anthony-Arnaud-5175-683x1024.jpg\" data-rel=\"lightbox\" rel=\"lightbox\" title=\"\" class=\"rgg-disabled size-medium rgg-img\" data-src=\"https:\/\/www.lademeuredalienor.fr\/wp-content\/uploads\/2014\/02\/\u00a9-Anthony-Arnaud-5175-200x300.jpg\" data-ratio=\"0.66666666666667\" data-height=\"300\" data-width=\"200\" aria-label=\"\">\n                            <\/a>\n                    <a rel='attachment' href=\"https:\/\/www.lademeuredalienor.fr\/wp-content\/uploads\/2014\/02\/jan1-1024x683.jpg\" data-rel=\"lightbox\" rel=\"lightbox\" title=\"\" class=\"rgg-disabled size-medium rgg-img\" data-src=\"https:\/\/www.lademeuredalienor.fr\/wp-content\/uploads\/2014\/02\/jan1-300x200.jpg\" data-ratio=\"1.5\" data-height=\"200\" data-width=\"300\" aria-label=\"\">\n                            <\/a>\n                    <a rel='attachment' href=\"https:\/\/www.lademeuredalienor.fr\/wp-content\/uploads\/2014\/02\/\u00a9-Anthony-Arnaud-151743-1024x683.jpg\" data-rel=\"lightbox\" rel=\"lightbox\" title=\"\" class=\"rgg-disabled size-medium rgg-img\" data-src=\"https:\/\/www.lademeuredalienor.fr\/wp-content\/uploads\/2014\/02\/\u00a9-Anthony-Arnaud-151743-300x200.jpg\" data-ratio=\"1.5\" data-height=\"200\" data-width=\"300\" aria-label=\"\">\n                            <\/a>\n                    <a rel='attachment' href=\"https:\/\/www.lademeuredalienor.fr\/wp-content\/uploads\/2014\/02\/\u00a9-Anthony-Arnaud-4879-1024x683.jpg\" data-rel=\"lightbox\" rel=\"lightbox\" title=\"\" class=\"rgg-disabled size-medium rgg-img\" data-src=\"https:\/\/www.lademeuredalienor.fr\/wp-content\/uploads\/2014\/02\/\u00a9-Anthony-Arnaud-4879-300x200.jpg\" data-ratio=\"1.5\" data-height=\"200\" data-width=\"300\" aria-label=\"\">\n                            <\/a>\n                    <a rel='attachment' href=\"https:\/\/www.lademeuredalienor.fr\/wp-content\/uploads\/2014\/02\/\u00a9-Anthony-Arnaud-4890-682x1024.jpg\" data-rel=\"lightbox\" rel=\"lightbox\" title=\"\" class=\"rgg-disabled size-medium rgg-img\" data-src=\"https:\/\/www.lademeuredalienor.fr\/wp-content\/uploads\/2014\/02\/\u00a9-Anthony-Arnaud-4890-200x300.jpg\" data-ratio=\"0.66666666666667\" data-height=\"300\" data-width=\"200\" aria-label=\"\">\n                            <\/a>\n                    <a rel='attachment' href=\"https:\/\/www.lademeuredalienor.fr\/wp-content\/uploads\/2014\/02\/\u00a9-Anthony-Arnaud-4900-1024x683.jpg\" data-rel=\"lightbox\" rel=\"lightbox\" title=\"\" class=\"rgg-disabled size-medium rgg-img\" data-src=\"https:\/\/www.lademeuredalienor.fr\/wp-content\/uploads\/2014\/02\/\u00a9-Anthony-Arnaud-4900-300x200.jpg\" data-ratio=\"1.5\" data-height=\"200\" data-width=\"300\" aria-label=\"\">\n                            <\/a>\n                    <a rel='attachment' href=\"https:\/\/www.lademeuredalienor.fr\/wp-content\/uploads\/2014\/02\/\u00a9-Anthony-Arnaud-4910-682x1024.jpg\" data-rel=\"lightbox\" rel=\"lightbox\" title=\"\" class=\"rgg-disabled size-medium rgg-img\" data-src=\"https:\/\/www.lademeuredalienor.fr\/wp-content\/uploads\/2014\/02\/\u00a9-Anthony-Arnaud-4910-200x300.jpg\" data-ratio=\"0.66666666666667\" data-height=\"300\" data-width=\"200\" aria-label=\"\">\n                            <\/a>\n                    <a rel='attachment' href=\"https:\/\/www.lademeuredalienor.fr\/wp-content\/uploads\/2014\/02\/\u00a9-Anthony-Arnaud-4932-1024x576.jpg\" data-rel=\"lightbox\" rel=\"lightbox\" title=\"\" class=\"rgg-disabled size-medium rgg-img\" data-src=\"https:\/\/www.lademeuredalienor.fr\/wp-content\/uploads\/2014\/02\/\u00a9-Anthony-Arnaud-4932-300x169.jpg\" data-ratio=\"1.7751479289941\" data-height=\"169\" data-width=\"300\" aria-label=\"\">\n                            <\/a>\n            <\/div>\n<\/div>\n<p>Wijngaarden zijn hier aan het einde van de Charente-Maritime en het begin van de Bordeaux wijnstreek, le Bordelais, alom aanwezig. Met de veerboot naar De M\u00e9doc met bezoek aan de grote wijnkastelen, producenten van \u201cles meilleurs grands crus du monde\u201d met ronkende namen zoals Margaux, Saint-Julien, Saint-Est\u00e8phe, Pauillac. Aan de kust heeft de vakantie iets van een zoete droom, de fijne zandstranden van Vaux Sur Mer, Royan en Saint-Georges-de-Didonne, worden onderbroken door badplaatsen die nog lijken op dorpjes. Talmont-sur-Gironde, \u201cun des plus beaux villages de France\u201d is een echte aanrader.<\/p>\n<p>Tussen de oesterkwekerijen van Marennes en l\u2019Ile d\u2019Ol\u00e9ron zetten de typische visrestaurants oesters en zeevruchten op de kaart. De naam Demeure D\u2019Alienor is gekozen naar de historische figuur van hertogin Ali\u00e9nor d\u2019Aquitaine, achtereenvolgens koningin van Frankrijk en Engeland. Ze was niet alleen intelligent en buitengewoon mooi. Omdat Aquitaine met de bijhorende graafschappen ongeveer een kwart van Frankrijk omvatte met rijke steden zoals Bordeaux, Saintes, La Rochelle, en ook landbouwgronden, was hertogin Eleonora d\u2019Aquitaine de rijkste en machtigste van de feodale vorsten van Frankrijk.<\/p>\n<p><strong>Informatie : Demeure d\u2019Alienor is een groot huis uitgerust met een zeer comfortabele keuken<\/strong>. Voor ontbijt of table d\u2019h\u00f4tes zorgen doen we niet. U kan zelf rustig kokkerellen, groenten uit de tuin nemen kunnen op vraag. Indien u wenst kunnen we boodschappen doen voor u aankomt.Bezorg ons uw boodschappenlijst en alles staat netjes klaar in de keuken en gekoeld in de frigo. Afrekenen bij aankomst graag.<\/p>\n<div id=\"en\"><img loading=\"lazy\" decoding=\"async\" class=\"alignnone size-full wp-image-791\" src=\"https:\/\/www.lademeuredalienor.fr\/wp-content\/uploads\/2014\/02\/Drapeau_anglais.png\" alt=\"\" width=\"46\" height=\"46\" \/><br \/>\n\u201cDemeure D\u2019Ali\u00e9nor\u201d is a traditional \u2018charentaise\u2019 with a modern charm, lots of light and space. The house\u2019s atmosphere is extremely colourful and hospitable and offers a comfortable and familial stay for 6 to 7 people.<br \/>\nThe large garden with its wild flowers and fruit trees transforms into moist meadows and pools up to the Gironde estuary. In that same garden you will see storks looking for twigs to perfection their nests and teach their young to fly. An enchanting spectacle you wouldn\u2019t want to miss! The rolling hills that surround the estate with their vineyards and sunflower fields invite you for a hearty walk. And for the more recreational cyclists among you who\u2019d prefer it a bit more flat, can rest assured. The region offers plenty of possibilities that will guide you to some truly picturesque little harbours.<br \/>\nVineyards appear everywhere here at the end of the Charente \u2013 Maritime and the beginning of the Bordeaux wine region, le Bordelais. A ferry takes you to De M\u00e9doc where you can visit the great wine castles that produce \u201cles meilleurs grands crus du monde\u201d with legendary names as Margaux, Saint-Julien, Saint-Est\u00e8phe, Pauillac. When staying at our coast, your vacation will feel like a sweet dream; the fine sand beaches of Vaux Sur Mer, Royan and Saint-Georges-de-Didonne are interrupted by seaside resorts that still look like tiny villages. Talmont-sur-Gironde, one of the most beautiful villages in France, truly is a must see.<br \/>\nBetween the oyster farms of Marennes and Ile d\u2019Ol\u00e9ron, the typical fish restaurants have oysters and seafood on their menu.<br \/>\nThe name \u201cDemeure D\u2019Ali\u00e9nor\u201d was chosen for the historical figure of Duchess Ali\u00e9nor d\u2019Acquitaine, subsequently Queen of France and England. It is said she was not only a learned woman but blessed with an exceptional beauty as well. Acquitaine covered about a quarter of France at that time, thanks to its vast earldoms and fertile lands, and included numerous rich cities such as Bordeaux, Saintes and La Rochelle, making Duchess Eleonora d\u2019Acquitaine the most powerful feudal Queen of France.<br \/>\nInformation: Demeure d\u2019Ali\u00e9nor is a large house, equipped with a very comfortable kitchen. Therefore, we do not offer breakfast or \u2018table d\u2019h\u00f4tes\u2019. You can cook at leisure yourself, taking vegetables from the garden (on demand). If you wish, we can do some shopping before you arrive and put everything away. Just give us your shopping list and we\u2019ll be happy to get your things. You can pay after arriving.<\/div>\n<\/p>\n<div id=\"all\"><img loading=\"lazy\" decoding=\"async\" class=\"alignnone size-full wp-image-794\" src=\"https:\/\/www.lademeuredalienor.fr\/wp-content\/uploads\/2014\/02\/Drapeau_allemand.png\" alt=\"\" width=\"46\" height=\"46\" \/><br \/>\nDemeure D\u2019Ali\u00e9nor ist ein traditionelles Landhaus mit moderner Ausstrahlung, viel Licht und offener Atmosph\u00e4re. Das Haus ist besonders farbenfroh und gem\u00fctlich und erm\u00f6glicht 7 Personen einen komfortablen, famili\u00e4ren Aufenthalt.<br \/>\nDer gro\u00dfe Garten mit Wildblumen und Obstb\u00e4umen erstreckt sich bis ins Sumpfgebiet und weiter bis zur M\u00fcndung der Gironde. Man sollte sich die St\u00f6rche nicht entgehen lassen, die im Garten Zweige f\u00fcr ihr Nest suchen, oder die Jungv\u00f6gel, die fliegen lernen, was ein beeindruckendes Schauspiel ist. Die strahlenden benachbarten Anh\u00f6hen mit Weinbergen laden zu einer anst\u00e4ndigen Wanderung ein. F\u00fcr erholungssuchende Fahrradfahrer, die es etwas flacher m\u00f6gen, gibt es genug M\u00f6glichkeiten bei den pittoresken H\u00e4fen.<br \/>\nWeinberge gibt es hier am Ende des Charente-Maritime und des Bordeaux-Weingebietes \u00fcberall. So kann man mit der F\u00e4hre nach De M\u00e9doc fahren und gro\u00dfe Weing\u00fcter besuchen, Produzenten des \u201cles meilleurs grands crus du monde\u201d mit gro\u00dfen Namen wie Margaux, Saint-Julien, Saint-Est\u00e8phe, Pauillac.<br \/>\nAn der K\u00fcste \u00e4hnelt der Urlaub einem s\u00fc\u00dfen Traum, die feinen Sandstr\u00e4nde von Vaux Sur Mer, Royan en Saint-Georges-de-Didonne werden von Badeorten ges\u00e4umt, die ihren d\u00f6rflichen Charakter bewahrt haben. Talmont-sur-Gironde, \u201cun des plus beaux villages de France\u201d, ist ein echter H\u00f6hepunkt.<br \/>\nZwischen den Austernz\u00fcchtereien von Marennes und l\u2019Ile d\u2019Ol\u00e9ron haben die typischen Fischrestaurant Austern und Meeresfr\u00fcchte auf der Karte. De Name Demeure D\u2019Alienor geht auf die historische Pers\u00f6nlichkeit der Herzogin Eleonore von Aquitanien zur\u00fcck die erst K\u00f6nigin von Frankreich und sp\u00e4ter von England war. Sie war nicht nur intelligent, sondern auch au\u00dfergew\u00f6hnlich h\u00fcbsch. Weil sich Aquitanien mit den dazugeh\u00f6rigen Grafschaften ungef\u00e4hr \u00fcber ein Viertel Frankreichs erstreckte, mit reichen St\u00e4dten wie Bordeaux, Saintes, La Rochelle, aber auch L\u00e4ndereien, war Eleonore von Aquitanien die reichste und m\u00e4chtigste der Feudalf\u00fcrsten Frankreichs.<br \/>\nInformation : Demeure d\u2019Alienor ist ein gro\u00dfes Haus mit einer sehr komfortablen K\u00fcche. Fr\u00fchst\u00fcck oder Abendessen gibt es bei uns nicht. Sie k\u00f6nnen in aller Ruhe selbst kochen. Gem\u00fcse aus dem Garten k\u00f6nnen Sie nach Absprache mit uns verwenden. Falls Sie es w\u00fcnschen, k\u00f6nnen wir f\u00fcr Sie einkaufen. Schicken Sie uns Ihren Einkaufszettel und dann steht alles ordentlich in der K\u00fcche und im K\u00fchlschrank bereit. Bezahlen Sie die Ware bei Ankunft.<\/div>\n<p><\/p>","protected":false},"excerpt":{"rendered":"<p>Demeure D\u2019Ali\u00e9nor is een traditionele charentaise met eigentijdse charme, met veel licht en openheid. De sfeer in het huis is bijzonder kleurrijk en gastvrij en biedt voor 7 personen een comfortabel familiaal verblijf aan. De grote tuin met wilde bloemen en fruitbomen loopt verder door in vochtige graslanden en poelen &#8230;<\/p>\n","protected":false},"author":1,"featured_media":0,"parent":0,"menu_order":0,"comment_status":"closed","ping_status":"closed","template":"template-landing-page.php","meta":{"footnotes":""},"class_list":["post-2","page","type-page","status-publish","hentry","column","twocol"],"aioseo_notices":[],"_links":{"self":[{"href":"https:\/\/www.lademeuredalienor.fr\/nl\/wp-json\/wp\/v2\/pages\/2","targetHints":{"allow":["GET"]}}],"collection":[{"href":"https:\/\/www.lademeuredalienor.fr\/nl\/wp-json\/wp\/v2\/pages"}],"about":[{"href":"https:\/\/www.lademeuredalienor.fr\/nl\/wp-json\/wp\/v2\/types\/page"}],"author":[{"embeddable":true,"href":"https:\/\/www.lademeuredalienor.fr\/nl\/wp-json\/wp\/v2\/users\/1"}],"replies":[{"embeddable":true,"href":"https:\/\/www.lademeuredalienor.fr\/nl\/wp-json\/wp\/v2\/comments?post=2"}],"version-history":[{"count":72,"href":"https:\/\/www.lademeuredalienor.fr\/nl\/wp-json\/wp\/v2\/pages\/2\/revisions"}],"predecessor-version":[{"id":850,"href":"https:\/\/www.lademeuredalienor.fr\/nl\/wp-json\/wp\/v2\/pages\/2\/revisions\/850"}],"wp:attachment":[{"href":"https:\/\/www.lademeuredalienor.fr\/nl\/wp-json\/wp\/v2\/media?parent=2"}],"curies":[{"name":"wp","href":"https:\/\/api.w.org\/{rel}","templated":true}]}}