{"id":477,"date":"2015-03-07T18:34:17","date_gmt":"2015-03-07T17:34:17","guid":{"rendered":"http:\/\/www.lademeuredalienor.fr\/?page_id=477"},"modified":"2018-11-22T14:35:19","modified_gmt":"2018-11-22T13:35:19","slug":"nos-partenaires","status":"publish","type":"page","link":"https:\/\/www.lademeuredalienor.fr\/nl\/nos-partenaires\/","title":{"rendered":"Nos partenaires"},"content":{"rendered":"<p>D\u00e9couvrez les partenaires avec qui nous travaillons !<\/p>\n<ul>\n<li><img loading=\"lazy\" decoding=\"async\" class=\"alignnone size-full wp-image-479\" src=\"https:\/\/www.lademeuredalienor.fr\/wp-content\/uploads\/2015\/03\/Partenaire_Coiffeuse_bio.jpg\" alt=\"Partenaire_Coiffeuse_bio\" width=\"300\" height=\"163\" \/> &gt; Elodie Plaize, coiffeuse bio.<\/li>\n<li><a title=\"Funky Love Cat Boutique\" href=\"https:\/\/www.etsy.com\/fr\/shop\/FunkylovecatVINTAGE\" target=\"blank\"><img loading=\"lazy\" decoding=\"async\" class=\"alignnone size-full wp-image-488\" src=\"https:\/\/www.lademeuredalienor.fr\/wp-content\/uploads\/2015\/03\/Funky_Love_Cat_Boutique.jpg\" alt=\"Funky_Love_Cat_Boutique\" width=\"148\" height=\"120\" \/> &gt; Boutique de v\u00eatements vintage<\/a>, et <a title=\"Blog LastMinuteThrowOn\" href=\"https:\/\/www.lastminutethrowon.com\" target=\"blank\">Blog<\/a>.<\/li>\n<li><a href=\"https:\/\/www.marecetteweb.fr\/\" target=\"blank\"><img loading=\"lazy\" decoding=\"async\" class=\"alignnone size-full wp-image-481\" src=\"https:\/\/www.lademeuredalienor.fr\/wp-content\/uploads\/2015\/03\/Partenaire_MaRecetteWeb.jpg\" alt=\"Partenaire_MaRecetteWeb\" width=\"300\" height=\"65\" \/> &gt; MaRecetteWeb.fr, cr\u00e9ation de sites internet.<\/a><\/li>\n<li><a title=\"Eurobedding\" href=\"https:\/\/eurobedding.com\/\"><img loading=\"lazy\" decoding=\"async\" class=\"alignnone size-full wp-image-566\" src=\"https:\/\/www.lademeuredalienor.fr\/wp-content\/uploads\/2015\/03\/eurobedding.png\" alt=\"eurobedding\" width=\"300\" height=\"194\" \/> &gt; Eurobedding, fabricant de literie, notamment fournisseur des matelas de l&#8217;Hermione.<\/a><\/li>\n<li><a href=\"https:\/\/shop.flc.boutique\/\" target=\"blank\" title=\"FLC Boutique\"><img loading=\"lazy\" decoding=\"async\" src=\"https:\/\/www.lademeuredalienor.fr\/wp-content\/uploads\/2015\/03\/4-003-300x225.jpg\" alt=\"ss\" width=\"300\" height=\"225\" class=\"size-medium wp-image-679\" srcset=\"https:\/\/www.lademeuredalienor.fr\/wp-content\/uploads\/2015\/03\/4-003-300x225.jpg 300w, https:\/\/www.lademeuredalienor.fr\/wp-content\/uploads\/2015\/03\/4-003-332x249.jpg 332w, https:\/\/www.lademeuredalienor.fr\/wp-content\/uploads\/2015\/03\/4-003.jpg 457w\" sizes=\"auto, (max-width: 300px) 100vw, 300px\" \/>> FLC Boutique<\/a><\/li>\n<li><img loading=\"lazy\" decoding=\"async\" src=\"https:\/\/www.lademeuredalienor.fr\/wp-content\/uploads\/2015\/03\/Moulin_de_Vignolle.jpg\" alt=\"Moulin_de_Vignolle\" width=\"80\" height=\"299\" class=\"alignnone size-full wp-image-676\" \/>> Ch\u00e2teau Moulin de Vignolle (Bordeaux). Bruno Belly \u00e0 Pleine Selve (33).<\/li>\n<\/ul>\n<p><a href=\"https:\/\/www.france-voyage.com\/locations-vacances\/location-saint-thomas-de-conac-84771.htm\" target=\"_blank\"><img decoding=\"async\" src=\"https:\/\/www.france-voyage.com\/visuals\/pro\/label.gif\" style=\"border:0\" alt=\"Location de vacances en Charente-Maritime\"><\/a><br \/>\n<a href=\"https:\/\/www.charmelogies.com\" target=\"_blank\"><img loading=\"lazy\" decoding=\"async\" src=\"https:\/\/www.charmelogies.com\/assets\/images\/banners\/charmelogies.jpg\" alt=\"Charme Logies\" width=\"252\" height=\"141\" \/><\/a><br \/>\n<a href=\"https:\/\/www.charmio.com\/fr\/\" title=\"Charmio Chambres d'h\u00f4tes et h\u00f4tels de charme\"><img loading=\"lazy\" decoding=\"async\" width=\"128\" height=\"48\" border=\"0\" alt=\"Approuv\u00e9 par Charmio - Chambres d'h\u00f4tes et h\u00f4tels de charme\" src=\"https:\/\/www.charmio.com\/button\/fr\/demeure-d-alienor-saint-thomas-de-conac.gif\" \/><\/a><br \/>\n<a href=\"https:\/\/www.bijlandgenoten.be\/\"><img decoding=\"async\" src=\"https:\/\/www.gotonieuwpoort.be\/wp-content\/uploads\/2017\/03\/image002.png\"\/><\/a><\/p>","protected":false},"excerpt":{"rendered":"<p>D\u00e9couvrez les partenaires avec qui nous travaillons ! &gt; Elodie Plaize, coiffeuse bio. &gt; Boutique de v\u00eatements vintage, et Blog. &gt; MaRecetteWeb.fr, cr\u00e9ation de sites internet. &gt; Eurobedding, fabricant de literie, notamment fournisseur des matelas de l&#8217;Hermione. > FLC Boutique > Ch\u00e2teau Moulin de Vignolle (Bordeaux). Bruno Belly \u00e0 Pleine &#8230;<\/p>\n","protected":false},"author":1,"featured_media":0,"parent":0,"menu_order":0,"comment_status":"closed","ping_status":"closed","template":"","meta":{"footnotes":""},"class_list":["post-477","page","type-page","status-publish","hentry","column","twocol"],"aioseo_notices":[],"_links":{"self":[{"href":"https:\/\/www.lademeuredalienor.fr\/nl\/wp-json\/wp\/v2\/pages\/477","targetHints":{"allow":["GET"]}}],"collection":[{"href":"https:\/\/www.lademeuredalienor.fr\/nl\/wp-json\/wp\/v2\/pages"}],"about":[{"href":"https:\/\/www.lademeuredalienor.fr\/nl\/wp-json\/wp\/v2\/types\/page"}],"author":[{"embeddable":true,"href":"https:\/\/www.lademeuredalienor.fr\/nl\/wp-json\/wp\/v2\/users\/1"}],"replies":[{"embeddable":true,"href":"https:\/\/www.lademeuredalienor.fr\/nl\/wp-json\/wp\/v2\/comments?post=477"}],"version-history":[{"count":26,"href":"https:\/\/www.lademeuredalienor.fr\/nl\/wp-json\/wp\/v2\/pages\/477\/revisions"}],"predecessor-version":[{"id":841,"href":"https:\/\/www.lademeuredalienor.fr\/nl\/wp-json\/wp\/v2\/pages\/477\/revisions\/841"}],"wp:attachment":[{"href":"https:\/\/www.lademeuredalienor.fr\/nl\/wp-json\/wp\/v2\/media?parent=477"}],"curies":[{"name":"wp","href":"https:\/\/api.w.org\/{rel}","templated":true}]}}