{"id":54,"date":"2014-03-27T17:13:40","date_gmt":"2014-03-27T16:13:40","guid":{"rendered":"http:\/\/lademeuredalienor.fr\/?page_id=54"},"modified":"2018-11-22T14:26:54","modified_gmt":"2018-11-22T13:26:54","slug":"histoire","status":"publish","type":"page","link":"https:\/\/www.lademeuredalienor.fr\/nl\/histoire\/","title":{"rendered":"Geschiedenis"},"content":{"rendered":"<p><\/p>\n<div class=\"legimage\"><img loading=\"lazy\" decoding=\"async\" src=\"https:\/\/www.lademeuredalienor.fr\/wp-content\/uploads\/2014\/03\/Alienor_d_Aquitaine_portrait1.jpg\" alt=\"Ali\u00e9nor_d_Aquitaine_portrait\" width=\"407\" height=\"850\" class=\"alignnone size-full wp-image-289\" srcset=\"https:\/\/www.lademeuredalienor.fr\/wp-content\/uploads\/2014\/03\/Alienor_d_Aquitaine_portrait1.jpg 407w, https:\/\/www.lademeuredalienor.fr\/wp-content\/uploads\/2014\/03\/Alienor_d_Aquitaine_portrait1-143x300.jpg 143w, https:\/\/www.lademeuredalienor.fr\/wp-content\/uploads\/2014\/03\/Alienor_d_Aquitaine_portrait1-332x693.jpg 332w\" sizes=\"auto, (max-width: 407px) 100vw, 407px\" \/><br \/>\n<em class=\"petit\">Portret van Ali\u00e9nor<\/em><\/p>\n<p><img loading=\"lazy\" decoding=\"async\" class=\"alignnone size-full wp-image-122\" src=\"https:\/\/www.lademeuredalienor.fr\/wp-content\/uploads\/2014\/03\/Louis_VII_le_Jeune.jpg\" alt=\"Louis_VII_le_Jeune\" width=\"445\" height=\"634\" srcset=\"https:\/\/www.lademeuredalienor.fr\/wp-content\/uploads\/2014\/03\/Louis_VII_le_Jeune.jpg 445w, https:\/\/www.lademeuredalienor.fr\/wp-content\/uploads\/2014\/03\/Louis_VII_le_Jeune-210x300.jpg 210w, https:\/\/www.lademeuredalienor.fr\/wp-content\/uploads\/2014\/03\/Louis_VII_le_Jeune-332x473.jpg 332w\" sizes=\"auto, (max-width: 445px) 100vw, 445px\" \/><br \/>\n<em class=\"petit\">Louis VII<\/em><\/p>\n<p><img loading=\"lazy\" decoding=\"async\" class=\"alignnone size-full wp-image-120\" src=\"https:\/\/www.lademeuredalienor.fr\/wp-content\/uploads\/2014\/03\/Alienor_d_Aquitaine_vitrail.jpg\" alt=\"Ali\u00e9nor_d_Aquitaine_vitrail\" width=\"850\" height=\"638\" srcset=\"https:\/\/www.lademeuredalienor.fr\/wp-content\/uploads\/2014\/03\/Alienor_d_Aquitaine_vitrail.jpg 850w, https:\/\/www.lademeuredalienor.fr\/wp-content\/uploads\/2014\/03\/Alienor_d_Aquitaine_vitrail-300x225.jpg 300w, https:\/\/www.lademeuredalienor.fr\/wp-content\/uploads\/2014\/03\/Alienor_d_Aquitaine_vitrail-700x525.jpg 700w, https:\/\/www.lademeuredalienor.fr\/wp-content\/uploads\/2014\/03\/Alienor_d_Aquitaine_vitrail-332x249.jpg 332w\" sizes=\"auto, (max-width: 850px) 100vw, 850px\" \/><br \/>\n<em class=\"petit\">Ali\u00e9nor, Glasraam , kathedraal van Poitiers<\/em><\/div>\n<div class=\"texte\">\n<p>C\u2019est par le palpitant roman \u00ab Le Lit d\u2019Ali\u00e9nor \u00bb de Mireille Calmel que j\u2019ai fait connaissance avec cette personnalit\u00e9 f\u00e9minine du 12\u00e8me si\u00e8cle. Ali\u00e9nor d\u2019Aquitaine, une femme hors pair, duchesse d\u2019Aquitaine et reine d\u2019Angleterre, m\u00e8re de deux rois, Richard C\u0153ur de Lion et Jean sans Terre.<\/p>\n<p>Une femme qui se montra, au cours d\u2019une vie particuli\u00e8rement mouvement\u00e9e, capable d\u2019organiser la d\u00e9fense d\u2019une forteresse, d\u2019administrer non seulement son duch\u00e9 mais tout un royaume. On pourrait lui appliquer l\u2019\u00e9pith\u00e8te de \u00ab grand-m\u00e8re de l\u2019Europe \u00bb, car ses enfants et petits-enfants peupl\u00e8rent non seulement les cours de France et d\u2019Angleterre, mais la Sicile, la Castille et jusqu&#8217;\u00e0 l\u2019Empire germanique.<\/p>\n<p>Ali\u00e9nor f\u00e9ministe avant la lettre, n\u2019a pas h\u00e9sit\u00e9 \u00e0 prendre l\u2019initiative de la rupture de son mariage avec le roi de France Louis VII, une chose impensable dans l\u2019univers mental masculin d\u2019alors. Huit semaines apr\u00e8s l\u2019annulation de son mariage elle \u00e9pouse \u00e0 Poitiers le futur roi d\u2019Angleterre, Henri Plantagen\u00eat. Avec une force convaincante elle combat son autonomie dans un monde domin\u00e9 par les hommes, dur et souvent cruel.<\/p>\n<p>Ali\u00e9nor, femme lettr\u00e9e, r\u00e8gne sur une cour de vassaux et des po\u00e8tes empress\u00e9s. Avec ce rayonnement de l\u2019esprit, l\u2019amour des lettres et du beau langage elle domine tous ceux qui l\u2019entourent.<\/p>\n<p>C\u2019est une chose \u00e9vidente que mon admiration pour ce personnage historique a fait na\u00eetre le nom \u00ab La Demeure d\u2019Ali\u00e9nor \u00bb pour ce g\u00eete de charme. En esp\u00e9rant que l\u2019esprit de cette \u00ab Belle Dame \u00bb vous guidera dans des endroits exceptionnels pendant vos s\u00e9jours ici.<\/p>\n<\/div>\n<p><\/p>","protected":false},"excerpt":{"rendered":"<p>Portret van Ali\u00e9nor Louis VII Ali\u00e9nor, Glasraam , kathedraal van Poitiers C\u2019est par le palpitant roman \u00ab Le Lit d\u2019Ali\u00e9nor \u00bb de Mireille Calmel que j\u2019ai fait connaissance avec cette personnalit\u00e9 f\u00e9minine du 12\u00e8me si\u00e8cle. Ali\u00e9nor d\u2019Aquitaine, une femme hors pair, duchesse d\u2019Aquitaine et reine d\u2019Angleterre, m\u00e8re de deux rois, &#8230;<\/p>\n","protected":false},"author":1,"featured_media":0,"parent":0,"menu_order":0,"comment_status":"closed","ping_status":"closed","template":"template-content-sidebar.php","meta":{"footnotes":""},"class_list":["post-54","page","type-page","status-publish","hentry","column","twocol"],"aioseo_notices":[],"_links":{"self":[{"href":"https:\/\/www.lademeuredalienor.fr\/nl\/wp-json\/wp\/v2\/pages\/54","targetHints":{"allow":["GET"]}}],"collection":[{"href":"https:\/\/www.lademeuredalienor.fr\/nl\/wp-json\/wp\/v2\/pages"}],"about":[{"href":"https:\/\/www.lademeuredalienor.fr\/nl\/wp-json\/wp\/v2\/types\/page"}],"author":[{"embeddable":true,"href":"https:\/\/www.lademeuredalienor.fr\/nl\/wp-json\/wp\/v2\/users\/1"}],"replies":[{"embeddable":true,"href":"https:\/\/www.lademeuredalienor.fr\/nl\/wp-json\/wp\/v2\/comments?post=54"}],"version-history":[{"count":21,"href":"https:\/\/www.lademeuredalienor.fr\/nl\/wp-json\/wp\/v2\/pages\/54\/revisions"}],"predecessor-version":[{"id":833,"href":"https:\/\/www.lademeuredalienor.fr\/nl\/wp-json\/wp\/v2\/pages\/54\/revisions\/833"}],"wp:attachment":[{"href":"https:\/\/www.lademeuredalienor.fr\/nl\/wp-json\/wp\/v2\/media?parent=54"}],"curies":[{"name":"wp","href":"https:\/\/api.w.org\/{rel}","templated":true}]}}