{"id":99,"date":"2014-03-29T14:53:52","date_gmt":"2014-03-29T13:53:52","guid":{"rendered":"http:\/\/www.lademeuredalienor.fr\/?page_id=99"},"modified":"2018-11-22T14:28:03","modified_gmt":"2018-11-22T13:28:03","slug":"mentions-legales","status":"publish","type":"page","link":"https:\/\/www.lademeuredalienor.fr\/nl\/mentions-legales\/","title":{"rendered":"Legale Voorwaarden"},"content":{"rendered":"<p><\/p>\n<h3>Coordonn\u00e9es<\/h3>\n<p>Demeure d&#8217;Ali\u00e9nor<br \/>\nJoris Verhaegen<br \/>\n10 Route Basse<br \/>\n17150 Saint-Thomas-de-Conac<\/p>\n<h3>Responsabilit\u00e9s<\/h3>\n<p>Directeur de la publication et R\u00e9alisation \u00e9ditoriale : Joris Verhaegen<br \/>\nConception : <a href=\"https:\/\/www.marecetteweb.fr\" title=\"Ma Recette Web\"\/>MaRecetteWeb.fr<\/a>.<\/p>\n<h3>H\u00e9bergement<\/h3>\n<p>OVH<br \/>\nSAS au capital de 10 000 000 \u20ac<br \/>\nRCS Roubaix \u2013 Tourcoing 424 761 419 00045<br \/>\nCode APE 6202A &#8211; N\u00b0 TVA : FR 22 424 761 419<br \/>\nSi\u00e8ge social :<br \/>\n2 rue Kellermann<br \/>\n59100 Roubaix &#8211; France.<\/p>\n<h3>Plateforme<\/h3>\n<p>Le pr\u00e9sent site internet est r\u00e9alis\u00e9 \u00e0 partir de la plateforme CMS open-source WordPress.<\/p>\n<h3>Droits de reproduction<\/h3>\n<p>Les informations pr\u00e9sent\u00e9es sur ce site sont publiques. La reproduction des pages de ce site est autoris\u00e9e \u00e0 la condition d&#8217;y mentionner la source et de cr\u00e9er un lien sur la ou les pages de r\u00e9f\u00e9rence. Elles ne peuvent \u00eatre utilis\u00e9es \u00e0 des fins commerciales ou publicitaires. Lorsque des donn\u00e9es pr\u00e9sentes sur ce site ont un caract\u00e8re nominatif, les utilisateurs doivent en faire un usage conforme aux r\u00e9glementations en vigueur et aux recommandations de la Commission nationale de l&#8217;informatique et des libert\u00e9s (CNIL).<\/p>\n<h3>Informatique et Libert\u00e9s<\/h3>\n<p>Conform\u00e9ment \u00e0 la recommandation 2005-284 de la CNIL, le pr\u00e9sent site web n\u2019a pas fait l\u2019objet d\u2019une d\u00e9claration en tant que tel. Toutefois, tous les traitements de donn\u00e9es pr\u00e9sents ou \u00e0 venir concernant ledit site ont \u00e9t\u00e9 ou seront d\u00e9clar\u00e9s \u00e0 la CNIL. Les traitements susnomm\u00e9s sont conformes \u00e0 la NS48 du 07\/06\/2005 \u00e9dit\u00e9e par la Commission Nationale Informatique et Libert\u00e9s (CNIL). Conform\u00e9ment aux articles 38 et 40 de la loi 2004-801 du 06\/08\/2004, vous disposez d\u2019un droit d\u2019acc\u00e8s, de rectification, de suppression des donn\u00e9es vous concernant. Ce droit peut s\u2019exercer en adressant un courrier \u00e0 l\u2019adresse suivante :<br \/>\nDemeure d&#8217;Ali\u00e9nor<br \/>\nJoris Verhaegen<br \/>\n10 Route Basse<br \/>\n17150 Saint-Thomas-de-Conac<br \/>\n<\/p>","protected":false},"excerpt":{"rendered":"<p>Coordonn\u00e9es Demeure d&#8217;Ali\u00e9nor Joris Verhaegen 10 Route Basse 17150 Saint-Thomas-de-Conac Responsabilit\u00e9s Directeur de la publication et R\u00e9alisation \u00e9ditoriale : Joris Verhaegen Conception : MaRecetteWeb.fr. H\u00e9bergement OVH SAS au capital de 10 000 000 \u20ac RCS Roubaix \u2013 Tourcoing 424 761 419 00045 Code APE 6202A &#8211; N\u00b0 TVA : FR &#8230;<\/p>\n","protected":false},"author":1,"featured_media":0,"parent":0,"menu_order":0,"comment_status":"closed","ping_status":"open","template":"template-content-sidebar.php","meta":{"footnotes":""},"class_list":["post-99","page","type-page","status-publish","hentry","column","twocol"],"aioseo_notices":[],"_links":{"self":[{"href":"https:\/\/www.lademeuredalienor.fr\/nl\/wp-json\/wp\/v2\/pages\/99","targetHints":{"allow":["GET"]}}],"collection":[{"href":"https:\/\/www.lademeuredalienor.fr\/nl\/wp-json\/wp\/v2\/pages"}],"about":[{"href":"https:\/\/www.lademeuredalienor.fr\/nl\/wp-json\/wp\/v2\/types\/page"}],"author":[{"embeddable":true,"href":"https:\/\/www.lademeuredalienor.fr\/nl\/wp-json\/wp\/v2\/users\/1"}],"replies":[{"embeddable":true,"href":"https:\/\/www.lademeuredalienor.fr\/nl\/wp-json\/wp\/v2\/comments?post=99"}],"version-history":[{"count":8,"href":"https:\/\/www.lademeuredalienor.fr\/nl\/wp-json\/wp\/v2\/pages\/99\/revisions"}],"predecessor-version":[{"id":836,"href":"https:\/\/www.lademeuredalienor.fr\/nl\/wp-json\/wp\/v2\/pages\/99\/revisions\/836"}],"wp:attachment":[{"href":"https:\/\/www.lademeuredalienor.fr\/nl\/wp-json\/wp\/v2\/media?parent=99"}],"curies":[{"name":"wp","href":"https:\/\/api.w.org\/{rel}","templated":true}]}}